{"id":2650,"date":"2015-09-18T11:45:35","date_gmt":"2015-09-18T11:45:35","guid":{"rendered":"https:\/\/demo.tirservicesrl.it\/kontakt\/"},"modified":"2023-02-17T14:40:53","modified_gmt":"2023-02-17T14:40:53","slug":"kontakt","status":"publish","type":"page","link":"https:\/\/www.tirservicesrl.it\/sk\/kontakt\/","title":{"rendered":"Kontakt"},"content":{"rendered":"<div class=\"bt_rc_container\"><section id=\"bt_section6a08862003b14\" data-parallax=\"0.1\" data-parallax-offset=\"-50\" class=\"boldSection topExtraSpaced bottomMoreSpaced btDarkSkin gutter btMiddleVertical btParallax wBackground cover\" style=\"background-image:url('https:\/\/www.tirservicesrl.it\/wp-content\/uploads\/2022\/08\/TirService_News-scaled.jpg');\"><div class=\"port\"><div class=\"boldCell\"><div class=\"boldCellInner\"><div class=\"boldRow \" ><div class=\"rowItem col-md-12 col-ms-12  btTextLeft animate animate-fadein animate-moveleft inherit\"  ><div class=\"rowItemContent\"><header class=\"header btClear extralarge btDash bottomDash  btAccentDash btRegularTitle\" style=\"max-width: 800px;\"><div class=\"dash\"><h1><span class=\"headline\">Kontakt<\/span><\/h1><\/div><p class=\"btSubTitle\">Ak m\u00e1te ak\u00e9ko\u013evek pochybnosti, ot\u00e1zky alebo sa chcete dozvedie\u0165 viac o na\u0161ich slu\u017eb\u00e1ch, kontaktujte n\u00e1s.<\/p><\/header><div class=\"btClear btSeparator bottomSemiSpaced noBorder\" ><hr><\/div><div class=\"btBtn btBtn btnFilled btnIconLeftPosition btnAccentColor btnSmall btnNormal btnIco\" ><div class=\"btIco borderless extrasmall\"><a href=\"#\"  data-ico-cs=\"&#xe606;\" class=\"btIcoHolder\"><span>Na\u0161e slu\u017eby<\/span><\/a><\/div><\/div><\/div><\/div><\/div><\/div><\/div><\/div><\/section><section id=\"bt_section6a08862003e78\"  class=\"boldSection topSpaced bottomSpaced btLightSkin gutter inherit\" ><div class=\"port\"><div class=\"boldCell\"><div class=\"boldCellInner\"><div class=\"boldRow \" ><div class=\"rowItem col-sm-6 col-ms-12 btTextCenter inherit btDoublePadding\"  ><div class=\"rowItemContent\"><div class=\"servicesItem  mediumIcon accentIconType \"><div class=\"sIcon\"><div class=\"btIco medium accent\"><a href=\"tel:+3904221833794\"  data-ico-s7=\"&#xe6b5;\" class=\"btIcoHolder\"><\/a><\/div><\/div><div class=\"sTxt\"><header class=\"header btClear extrasmall\" ><div class=\"dash\"><h4><span class=\"headline\">CALL CENTRUM<\/span><\/h4><\/div><\/header><p>Zavolajte na\r<br>+39 0422 18 33 794<br><\/p><\/div><\/div><div class=\"btClear btSeparator topSmallSpaced noBorder\" ><hr><\/div><div class=\"servicesItem  mediumIcon accentIconType \"><div class=\"sIcon\"><div class=\"btIco medium accent\"><span  data-ico-s7=\"&#xe60b;\" class=\"btIcoHolder\"><\/span><\/div><\/div><div class=\"sTxt\"><header class=\"header btClear extrasmall\" ><div class=\"dash\"><h4><span class=\"headline\">\u010cASOPISY<\/span><\/h4><\/div><\/header><p>Po-Pia 8:00-17:00\r<br>So-Ne zatvoren\u00e9<br><\/p><\/div><\/div><div class=\"btClear btSeparator topSmallSpaced noBorder\" ><hr><\/div><\/div><\/div><div class=\"rowItem col-sm-6 col-ms-12 btTextCenter inherit btDoublePadding\"  ><div class=\"rowItemContent\"><div class=\"servicesItem  mediumIcon accentIconType \"><div class=\"sIcon\"><div class=\"btIco medium accent\"><a href=\"https:\/\/goo.gl\/maps\/d6baDQBaeuhUYXQ16\"  data-ico-s7=\"&#xe638;\" class=\"btIcoHolder\"><\/a><\/div><\/div><div class=\"sTxt\"><header class=\"header btClear extrasmall\" ><div class=\"dash\"><h4><span class=\"headline\">TALIANSKA CENTR\u00c1LA<\/span><\/h4><\/div><\/header><p>Via Ronche, 4\r<br>31040 Portobuffol\u00e8 (TV), Italia<br><\/p><\/div><\/div><div class=\"btClear btSeparator topSmallSpaced noBorder\" ><hr><\/div><div class=\"servicesItem  mediumIcon accentIconType \"><div class=\"sIcon\"><div class=\"btIco medium accent\"><a href=\"https:\/\/www.google.com\/maps\/place\/ustekova+369749,+851+04+Petralka,+Slovacchia\/@48.1300038,17.1210223,17z\/data=!3m1!4b1!4m5!3m4!1s0x476c8911b8b91da7:0xf871c2c8128c63eb!8m2!3d48.1300038!4d17.123211?coh=164777&amp;entry=tt\"  data-ico-s7=\"&#xe638;\" class=\"btIcoHolder\"><\/a><\/div><\/div><div class=\"sTxt\"><header class=\"header btClear extrasmall\" ><div class=\"dash\"><h4><span class=\"headline\">SLOVENSK\u00c1 CENTR\u00c1LA<\/span><\/h4><\/div><\/header><p>\u0160ustekova 49\r<br>851 04 Bratislava, Slovakia\r\n<br><\/p><\/div><\/div><div class=\"btClear btSeparator topSmallSpaced noBorder\" ><hr><\/div><\/div><\/div><\/div><div class=\"boldRow \" ><div class=\"rowItem col-md-12 col-ms-12  btTextCenter inherit\"  ><div class=\"rowItemContent\"><div class=\"btClear btSeparator topSmallSpaced noBorder\" ><hr><\/div><div class=\"servicesItem  mediumIcon accentIconType \"><div class=\"sIcon\"><div class=\"btIco medium accent\"><a href=\"mailto:stefano@tirservice.sk\"  data-ico-s7=\"&#xe63b;\" class=\"btIcoHolder\"><\/a><\/div><\/div><div class=\"sTxt\"><header class=\"header btClear extrasmall\" ><div class=\"dash\"><h4><span class=\"headline\">KONTAKTUJTE N\u00c1S<\/span><\/h4><\/div><\/header><p>stefano@tirservice.sk<br><\/p><\/div><\/div><\/div><\/div><\/div><\/div><\/div><\/div><\/section><\/div>","protected":false},"excerpt":{"rendered":"","protected":false},"author":3,"featured_media":0,"parent":0,"menu_order":0,"comment_status":"closed","ping_status":"closed","template":"","meta":{"footnotes":""},"class_list":["post-2650","page","type-page","status-publish","hentry"],"_links":{"self":[{"href":"https:\/\/www.tirservicesrl.it\/sk\/wp-json\/wp\/v2\/pages\/2650","targetHints":{"allow":["GET"]}}],"collection":[{"href":"https:\/\/www.tirservicesrl.it\/sk\/wp-json\/wp\/v2\/pages"}],"about":[{"href":"https:\/\/www.tirservicesrl.it\/sk\/wp-json\/wp\/v2\/types\/page"}],"author":[{"embeddable":true,"href":"https:\/\/www.tirservicesrl.it\/sk\/wp-json\/wp\/v2\/users\/3"}],"replies":[{"embeddable":true,"href":"https:\/\/www.tirservicesrl.it\/sk\/wp-json\/wp\/v2\/comments?post=2650"}],"version-history":[{"count":3,"href":"https:\/\/www.tirservicesrl.it\/sk\/wp-json\/wp\/v2\/pages\/2650\/revisions"}],"predecessor-version":[{"id":2677,"href":"https:\/\/www.tirservicesrl.it\/sk\/wp-json\/wp\/v2\/pages\/2650\/revisions\/2677"}],"wp:attachment":[{"href":"https:\/\/www.tirservicesrl.it\/sk\/wp-json\/wp\/v2\/media?parent=2650"}],"curies":[{"name":"wp","href":"https:\/\/api.w.org\/{rel}","templated":true}]}}