{"id":2659,"date":"2015-10-09T09:14:06","date_gmt":"2015-10-09T09:14:06","guid":{"rendered":"https:\/\/demo.tirservicesrl.it\/novinky\/"},"modified":"2023-02-17T14:39:07","modified_gmt":"2023-02-17T14:39:07","slug":"novinky","status":"publish","type":"page","link":"https:\/\/www.tirservicesrl.it\/sk\/novinky\/","title":{"rendered":"Novinky"},"content":{"rendered":"<div class=\"bt_rc_container\"><section id=\"bt_section69f64391df38b\" data-parallax=\"0.1\" data-parallax-offset=\"-50\" class=\"boldSection topExtraSpaced bottomMoreSpaced btDarkSkin gutter btMiddleVertical btParallax wBackground cover\" style=\"background-image:url('https:\/\/www.tirservicesrl.it\/wp-content\/uploads\/2022\/10\/PerTe_TirService-scaled.jpg');\"><div class=\"port\"><div class=\"boldCell\"><div class=\"boldCellInner\"><div class=\"boldRow \" ><div class=\"rowItem col-md-12 col-ms-12  btTextLeft animate animate-fadein animate-moveleft inherit\"  ><div class=\"rowItemContent\"><header class=\"header btClear extralarge btDash bottomDash  btAccentDash btRegularTitle\" style=\"max-width: 800px;\"><p class=\"btSuperTitle\">Na\u0161e najnov\u0161ie spr\u00e1vy s\u00fa v\u00e1m k dispoz\u00edcii.<\/p><div class=\"dash\"><h1><span class=\"headline\">Novinky<\/span><\/h1><\/div><p class=\"btSubTitle\">Novinky, postrehy a n\u00e1vrhy na spolupr\u00e1cu<\/p><\/header><div class=\"btClear btSeparator bottomSemiSpaced noBorder\" ><hr><\/div><div class=\"btBtn btBtn btnFilled btnIconLeftPosition btnAccentColor btnSmall btnNormal btnIco\" ><div class=\"btIco borderless extrasmall\"><a href=\"#\"  data-ico-fa=\"&#xf0e5;\" class=\"btIcoHolder\"><span>Kontaktujte n\u00e1s<\/span><\/a><\/div><\/div><\/div><\/div><\/div><\/div><\/div><\/div><\/section><section id=\"bt_section69f64391df726\"  class=\"boldSection topSpaced bottomSpaced gutter inherit bckgTiles\" ><div class=\"port\"><div class=\"boldCell\"><div class=\"boldCellInner\"><div class=\"boldRow \" ><div class=\"rowItem col-md-12 col-ms-12  btTextCenter inherit\"  ><div class=\"rowItemContent\"><div class=\"btGridContainer tiled btGridGap5 btHasTitles\" ><div class=\"tilesWall btAjaxGrid tiled\" data-num=\"12\" data-tiles-title=\"yes\" data-grid-type=\"tiled\" data-post-type=\"post\" data-col=\"3\" data-cat-slug=\"\" data-scroll-loading=\"no\" data-format=\"\"><div class=\"gridSizer\"><\/div><\/div><div class=\"btLoader btLoaderGrid\"><\/div><div class=\"btNoMore btTextCenter topSmallSpaced bottomSmallSpaced\">No more posts<\/div><\/div><\/div><\/div><\/div><\/div><\/div><\/div><\/section><\/div>","protected":false},"excerpt":{"rendered":"","protected":false},"author":3,"featured_media":0,"parent":0,"menu_order":0,"comment_status":"closed","ping_status":"closed","template":"","meta":{"footnotes":""},"class_list":["post-2659","page","type-page","status-publish","hentry"],"_links":{"self":[{"href":"https:\/\/www.tirservicesrl.it\/sk\/wp-json\/wp\/v2\/pages\/2659","targetHints":{"allow":["GET"]}}],"collection":[{"href":"https:\/\/www.tirservicesrl.it\/sk\/wp-json\/wp\/v2\/pages"}],"about":[{"href":"https:\/\/www.tirservicesrl.it\/sk\/wp-json\/wp\/v2\/types\/page"}],"author":[{"embeddable":true,"href":"https:\/\/www.tirservicesrl.it\/sk\/wp-json\/wp\/v2\/users\/3"}],"replies":[{"embeddable":true,"href":"https:\/\/www.tirservicesrl.it\/sk\/wp-json\/wp\/v2\/comments?post=2659"}],"version-history":[{"count":3,"href":"https:\/\/www.tirservicesrl.it\/sk\/wp-json\/wp\/v2\/pages\/2659\/revisions"}],"predecessor-version":[{"id":2676,"href":"https:\/\/www.tirservicesrl.it\/sk\/wp-json\/wp\/v2\/pages\/2659\/revisions\/2676"}],"wp:attachment":[{"href":"https:\/\/www.tirservicesrl.it\/sk\/wp-json\/wp\/v2\/media?parent=2659"}],"curies":[{"name":"wp","href":"https:\/\/api.w.org\/{rel}","templated":true}]}}