{"id":2662,"date":"2015-09-18T11:44:43","date_gmt":"2015-09-18T11:44:43","guid":{"rendered":"https:\/\/demo.tirservicesrl.it\/sluzby\/"},"modified":"2023-02-16T18:00:02","modified_gmt":"2023-02-16T18:00:02","slug":"sluzby","status":"publish","type":"page","link":"https:\/\/www.tirservicesrl.it\/sk\/sluzby\/","title":{"rendered":"Slu\u017eby"},"content":{"rendered":"<div class=\"bt_rc_container\"><section id=\"bt_section69e9e55364290\" data-parallax=\"0.1\" data-parallax-offset=\"-50\" class=\"boldSection topExtraSpaced bottomMoreSpaced btDarkSkin gutter inherit btParallax wBackground cover\" style=\"background-image:url('https:\/\/www.tirservicesrl.it\/wp-content\/uploads\/2022\/08\/TirService_Servizi-scaled.jpg');\"><div class=\"port\"><div class=\"boldCell\"><div class=\"boldCellInner\"><div class=\"boldRow \" ><div class=\"rowItem col-md-12 col-ms-12  btTextLeft animate animate-fadein animate-moveleft inherit\"  ><div class=\"rowItemContent\"><header class=\"header btClear extralarge btDash bottomDash  btAccentDash btRegularTitle\" style=\"max-width: 800px;\"><div class=\"dash\"><h1><span class=\"headline\">NA\u0160E SLU\u017dBY<\/span><\/h1><\/div><\/header><div class=\"btClear btSeparator bottomSemiSpaced noBorder\" ><hr><\/div><div class=\"btBtn btBtn btnFilled btnIconLeftPosition btnAccentColor btnSmall btnNormal btnIco\" ><div class=\"btIco borderless extrasmall\"><a href=\"#\"  data-ico-fa=\"&#xf0e5;\" class=\"btIcoHolder\"><span>Kontaktujte n\u00e1s<\/span><\/a><\/div><\/div><\/div><\/div><\/div><\/div><\/div><\/div><\/section><section id=\"bt_section69e9e55364a04\"  class=\"boldSection btDivider topSpaced bottomSpaced gutter inherit\" ><div class=\"port\"><div class=\"boldCell\"><div class=\"boldCellInner\"><div class=\"boldRow \" style=\"background-color: #EEE;\"><div class=\"rowItem col-sm-6 col-ms-12 btTextRight animate animate-fadein inherit btNoPadding\"  ><div class=\"rowItemContent\"><div class=\"bpgPhoto btTextCenter\" ><div class=\"btImage\"><img decoding=\"async\" src=\"https:\/\/www.tirservicesrl.it\/wp-content\/uploads\/2022\/08\/TirService_Trasporti-1200x800.jpg\" alt=\"TirService_Trasporti-1200x800.jpg\"><\/div><\/div><\/div><\/div><div class=\"rowItem col-sm-6 col-ms-12 btTextLeft animate animate-fadein btMiddleVertical btDoublePadding\"  ><div class=\"rowItemContent\"><div class=\"btClear btSeparator bottomSmallSpaced noBorder\"  style=\"border: transparent;\"><hr><\/div><header class=\"header btClear medium  btAccentDash btRegularTitle\" ><p class=\"btSuperTitle\">KONSOLIDOVAN\u00c9 SK\u00daSENOSTI<\/p><div class=\"dash\"><h3><span class=\"headline\">Doprava<\/span><\/h3><\/div><\/header><div class=\"btText\"><p>Poskytujeme pozemn\u00fa prepravu do v\u0161etk\u00fdch eur\u00f3pskych destin\u00e1ci\u00ed, a to ako celovozov\u00e9, tak aj \u010diastkov\u00e9 z\u00e1sielky, a ka\u017ed\u00fd de\u0148 sa sna\u017e\u00edme n\u00e1js\u0165 najlep\u0161ie rie\u0161enie pre \u0161pecifick\u00e9 potreby ka\u017ed\u00e9ho z\u00e1kazn\u00edka. 30 rokov sk\u00fasenost\u00ed v oblasti dopravy zaru\u010duje efekt\u00edvnos\u0165 r\u00fdchlych a spo\u013eahliv\u00fdch slu\u017eieb. Okrem toho va\u0161u bezpe\u010dnos\u0165 zaru\u010duj\u00fa pokro\u010dil\u00e9 syst\u00e9my kontroly riadenia n\u00e1\u0161ho vozov\u00e9ho parku.<\/p>\n<\/div><div class=\"btClear btSeparator bottomSmallSpaced noBorder\"  style=\"border: transparent;\"><hr><\/div><div class=\"btClear btSeparator bottomSmallSpaced noBorder\"  style=\"border: transparent;\"><hr><\/div><\/div><\/div><\/div><div class=\"boldRow \" style=\"background-color: #EEE;\"><div class=\"rowItem col-sm-6 col-ms-12 btTextLeft animate animate-fadein btMiddleVertical btDoublePadding\"  ><div class=\"rowItemContent\"><div class=\"btClear btSeparator bottomSmallSpaced noBorder\"  style=\"border: transparent;\"><hr><\/div><header class=\"header btClear medium  btAccentDash btRegularTitle\" ><p class=\"btSuperTitle\">MANAGEMENT<\/p><div class=\"dash\"><h3><span class=\"headline\">Logistika<\/span><\/h3><\/div><\/header><div class=\"btText\"><p>Na\u0161e riadenie logistick\u00fdch slu\u017eieb n\u00e1m umo\u017enilo sledova\u0165 a predv\u00edda\u0165 v\u00fdvoj modern\u00fdch trhov a v\u017edy zaru\u010di\u0165 najvy\u0161\u0161iu kvalitu prostredn\u00edctvom flexibiln\u00fdch a prisp\u00f4soben\u00fdch slu\u017eieb, ktor\u00e9 prid\u00e1vaj\u00fa hodnotu v\u00e1\u0161mu podnikaniu. Na\u0161i zamestnanci v\u00e1m bud\u00fa schopn\u00ed zaru\u010di\u0165 riadenie v\u00e1\u0161ho tovaru pod\u013ea va\u0161ich potrieb: riadenie \u0161ar\u017e\u00ed, sledovate\u013enos\u0165, krit\u00e9ri\u00e1 riadenia. Po\u010d\u00edta\u010dov\u00fd syst\u00e9m v kombin\u00e1cii s profesionalitou na\u0161ich zamestnancov v\u00e1m umo\u017en\u00ed optimalizova\u0165 skladov\u00fa \u010dinnos\u0165 v\u00e1\u0161ho tovaru.<\/p>\n<\/div><div class=\"btClear btSeparator bottomSmallSpaced noBorder\"  style=\"border: transparent;\"><hr><\/div><div class=\"btClear btSeparator bottomSmallSpaced noBorder\"  style=\"border: transparent;\"><hr><\/div><\/div><\/div><div class=\"rowItem col-sm-6 col-ms-12 btTextRight animate animate-fadein inherit btNoPadding\"  ><div class=\"rowItemContent\"><div class=\"bpgPhoto btTextCenter\" ><div class=\"btImage\"><img decoding=\"async\" src=\"https:\/\/www.tirservicesrl.it\/wp-content\/uploads\/2022\/08\/TirService_Logistica-scaled.jpg\" alt=\"TirService_Logistica-scaled.jpg\"><\/div><\/div><\/div><\/div><\/div><div class=\"boldRow \" style=\"background-color: #EEE;\"><div class=\"rowItem col-sm-6 col-ms-12 btTextRight animate animate-fadein inherit btNoPadding\"  ><div class=\"rowItemContent\"><div class=\"bpgPhoto btTextCenter\" ><div class=\"btImage\"><img decoding=\"async\" src=\"https:\/\/www.tirservicesrl.it\/wp-content\/uploads\/2022\/08\/TirService_Deposito-1200x800.jpg\" alt=\"TirService_Deposito-1200x800.jpg\"><\/div><\/div><\/div><\/div><div class=\"rowItem col-sm-6 col-ms-12 btTextLeft animate animate-fadein btMiddleVertical btDoublePadding\"  ><div class=\"rowItemContent\"><div class=\"btClear btSeparator bottomSmallSpaced noBorder\"  style=\"border: transparent;\"><hr><\/div><header class=\"header btClear medium  btAccentDash btRegularTitle\" ><p class=\"btSuperTitle\">SKLAD<\/p><div class=\"dash\"><h3><span class=\"headline\">Vklady<\/span><\/h3><\/div><\/header><div class=\"btText\"><p>V na\u0161ich priestoroch v Portobuffol\u00e8 TV m\u00e1me sklad s rozlohou 10 000 m2, ktor\u00fd sl\u00fa\u017ei na integrovan\u00fa logistiku na\u0161ich z\u00e1kazn\u00edkov. Po\u017eiadajte n\u00e1s o cenov\u00fa ponuku: uskladn\u00edme v\u00e1\u0161 tovar pod\u013ea va\u0161ich potrieb.<\/p>\n<\/div><div class=\"btClear btSeparator bottomSmallSpaced noBorder\"  style=\"border: transparent;\"><hr><\/div><div class=\"btClear btSeparator bottomSmallSpaced noBorder\"  style=\"border: transparent;\"><hr><\/div><\/div><\/div><\/div><div class=\"boldRow \" style=\"background-color: #EEE;\"><div class=\"rowItem col-sm-6 col-ms-12 btTextLeft animate animate-fadein btMiddleVertical btDoublePadding\"  ><div class=\"rowItemContent\"><div class=\"btClear btSeparator bottomSmallSpaced noBorder\"  style=\"border: transparent;\"><hr><\/div><header class=\"header btClear medium  btAccentDash btRegularTitle\" ><div class=\"dash\"><h3><span class=\"headline\">V\u00e1\u017eenie<\/span><\/h3><\/div><\/header><div class=\"btText\"><p>M\u00e1me zaru\u010den\u00e9 a schv\u00e1len\u00e9 zariadenia na v\u00e1\u017eenie n\u00e1kladn\u00fdch vozidiel a kontajnerov. Kontaktujte n\u00e1s pre n\u00e1vrh na mieru; cel\u00fd n\u00e1\u0161 t\u00edm v\u00e1m bude plne k dispoz\u00edcii pre v\u0161etky va\u0161e potreby.<\/p>\n<\/div><div class=\"btClear btSeparator bottomSmallSpaced noBorder\"  style=\"border: transparent;\"><hr><\/div><div class=\"btClear btSeparator bottomSmallSpaced noBorder\"  style=\"border: transparent;\"><hr><\/div><\/div><\/div><div class=\"rowItem col-sm-6 col-ms-12 btTextRight animate animate-fadein inherit btNoPadding\"  ><div class=\"rowItemContent\"><div class=\"bpgPhoto btTextCenter\" ><div class=\"btImage\"><img decoding=\"async\" src=\"https:\/\/www.tirservicesrl.it\/wp-content\/uploads\/2022\/08\/TirService_Pesatura-scaled.jpg\" alt=\"TirService_Pesatura-scaled.jpg\"><\/div><\/div><\/div><\/div><\/div><div class=\"boldRow \" style=\"background-color: #EEE;\"><div class=\"rowItem col-sm-6 col-ms-12 btTextRight animate animate-fadein inherit btNoPadding\"  ><div class=\"rowItemContent\"><div class=\"bpgPhoto btTextCenter\" ><div class=\"btImage\"><img decoding=\"async\" src=\"https:\/\/www.tirservicesrl.it\/wp-content\/uploads\/2022\/08\/TirService_Dogana-1200x800.jpg\" alt=\"TirService_Dogana-1200x800.jpg\"><\/div><\/div><\/div><\/div><div class=\"rowItem col-sm-6 col-ms-12 btTextLeft animate animate-fadein btMiddleVertical btDoublePadding\"  ><div class=\"rowItemContent\"><div class=\"btClear btSeparator bottomSmallSpaced noBorder\"  style=\"border: transparent;\"><hr><\/div><header class=\"header btClear medium  btAccentDash btRegularTitle\" ><p class=\"btSuperTitle\">VYKON\u00c1VAME POSTUPY<\/p><div class=\"dash\"><h3><span class=\"headline\">Coln\u00e1 spr\u00e1va<\/span><\/h3><\/div><\/header><div class=\"btText\"><p>Skupina m\u00e1 opr\u00e1vnenie a povolenie pod colnou kontrolou v sklade v Portobuffol\u00e9 (TV) vykon\u00e1va\u0165 v\u0161etky coln\u00e9 postupy pri dovoze a v\u00fdvoze, pri\u010dom zaru\u010duje v\u0161etku pomoc a poradenstvo pri za\u010dat\u00ed va\u0161ich postupov, ako aj pri ka\u017edej jednotlivej oper\u00e1cii.<\/p>\n<\/div><div class=\"btClear btSeparator bottomSmallSpaced noBorder\"  style=\"border: transparent;\"><hr><\/div><div class=\"btClear btSeparator bottomSmallSpaced noBorder\"  style=\"border: transparent;\"><hr><\/div><\/div><\/div><\/div><div class=\"boldRow \" style=\"background-color: #EEE;\"><div class=\"rowItem col-sm-6 col-ms-12 btTextLeft animate animate-fadein btMiddleVertical btDoublePadding\"  ><div class=\"rowItemContent\"><div class=\"btClear btSeparator bottomSmallSpaced noBorder\"  style=\"border: transparent;\"><hr><\/div><header class=\"header btClear medium  btAccentDash btRegularTitle\" ><p class=\"btSuperTitle\">POVOLEN\u00dd NA<\/p><div class=\"dash\"><h3><span class=\"headline\">Da\u0148ov\u00fd sklad<\/span><\/h3><\/div><\/header><div class=\"btText\"><p>V septembri 2019 sme z\u00edskali povolenie (v sklade v TV Portobuffol\u00e8) sta\u0165 sa AUTORIZOVAN\u00ddM Fi\u0161k\u00e1lnym skladom na skladovanie tovaru v pozastaven\u00ed dane v mene tret\u00edch str\u00e1n; t\u00e1to d\u00f4le\u017eit\u00e1 inov\u00e1cia n\u00e1m umo\u017e\u0148uje spravova\u0165 tovar v pozastaven\u00ed dane pre na\u0161ich z\u00e1kazn\u00edkov; sklad m\u00e1 povolenie coln\u00e9ho \u00faradu na skladovanie, pr\u00edjem a odosielanie v\u00edna, piva a liehov\u00edn do \u010dlensk\u00fdch \u0161t\u00e1tov E\u00da.<\/p>\n<\/div><div class=\"btClear btSeparator bottomSmallSpaced noBorder\"  style=\"border: transparent;\"><hr><\/div><div class=\"btClear btSeparator bottomSmallSpaced noBorder\"  style=\"border: transparent;\"><hr><\/div><\/div><\/div><div class=\"rowItem col-sm-6 col-ms-12 btTextRight animate animate-fadein inherit btNoPadding\"  ><div class=\"rowItemContent\"><div class=\"bpgPhoto btTextCenter\" ><div class=\"btImage\"><img decoding=\"async\" src=\"https:\/\/www.tirservicesrl.it\/wp-content\/uploads\/2022\/08\/TirService_Magazzino_Fiscale-scaled.jpg\" alt=\"TirService_Magazzino_Fiscale-scaled.jpg\"><\/div><\/div><\/div><\/div><\/div><\/div><\/div><\/div><\/section><section id=\"bt_section69e9e553c5031\"  class=\"boldSection topSemiSpaced bottomSemiSpaced btDarkSkin gutter inherit wBackground cover\" style=\"background-image:url('https:\/\/www.tirservicesrl.it\/wp-content\/uploads\/2015\/09\/Blue-background-with-trucks.jpg');\"><div class=\"port\"><div class=\"boldCell\"><div class=\"boldCellInner\"><div class=\"boldRow \" ><\/div><\/div><\/div><\/div><\/section><section id=\"bt_section69e9e553c5bde\"  class=\"boldSection btDivider topSpaced bottomSpaced gutter inherit\" ><div class=\"port\"><div class=\"boldCell\"><div class=\"boldCellInner\"><div class=\"boldRow \" ><div class=\"rowItem col-md-3 col-sm-6 col-ms-12 btTextRight animate animate-fadein animate-moveright inherit btDoublePadding\"  ><div class=\"rowItemContent\"><header class=\"header btClear medium  btAccentDash btRegularTitle\" ><p class=\"btSuperTitle\">NA\u0160E SLU\u017dBY<\/p><div class=\"dash\"><h3><span class=\"headline\">\u010cO V\u00c1M M\u00d4\u017dEME PON\u00daKNU\u0164<\/span><\/h3><\/div><\/header><div class=\"btClear btSeparator topSemiSpaced noBorder\" ><hr><\/div><div class=\"btText\"><blockquote>\n<div dir=\"auto\">&#8222;Jedin\u00e1 konkuren\u010dn\u00e1 v\u00fdhoda spo\u010d\u00edva v schopnosti u\u010di\u0165 sa a meni\u0165 r\u00fdchlej\u0161ie ako ostatn\u00ed.&#8220;<\/div>\n<\/blockquote>\n<\/div><\/div><\/div><div class=\"rowItem col-md-3 col-sm-6 col-ms-12 btTextLeft animate animate-fadein btTextIndent btHighlight inherit\"  ><div class=\"rowItemContent\"><div class=\"bpgPhoto btTextCenter btLightbox\" > \r\n\t\t\t\t\t<a href=\"http:\/\/cargo.bold-themes.com\/transport-company\/wp-content\/uploads\/sites\/2\/2015\/09\/Three-trucks-on-blue-background-640x480.jpg\" target=\"_self\"><\/a>\r\n\t\t\t\t\t<div class=\"boldPhotoBox\"><div class=\"bpbItem\"><div class=\"btImage\"><img decoding=\"async\" src=\"https:\/\/www.tirservicesrl.it\/wp-content\/uploads\/2022\/12\/MG_1020-640x480.jpg\" alt=\"MG_1020-640x480.jpg\"><\/div><\/div><\/div>\r\n\t\t\t\t\t<div class=\"captionPane\">\r\n\t\t\t\t\t\t<div class=\"captionTable\">\r\n\t\t\t\t\t\t\t<div class=\"captionCell\">\r\n\t\t\t\t\t\t\t\t<div class=\"captionTxt\"><header class=\"header btClear small btDash bottomDash\" ><\/header><\/div>\r\n\t\t\t\t\t\t\t<\/div>\r\n\t\t\t\t\t\t<\/div>\r\n\t\t\t\t\t<\/div><\/div><div class=\"btClear btSeparator topSmallSpaced noBorder\" ><hr><\/div><header class=\"header btClear small  btAlternateDash btRegularTitle\" ><div class=\"dash\"><h4><span class=\"headline\">NAJLEP\u0160IE SLU\u017dBY<\/span><\/h4><\/div><p class=\"btSubTitle\">UZNAN\u00c9<\/p><\/header><div class=\"btText\"><p>Na\u0161\u00edm poslan\u00edm je pril\u00e1ka\u0165 a udr\u017ea\u0165 si z\u00e1kazn\u00edkov poskytovan\u00edm najlep\u0161\u00edch dopravn\u00fdch rie\u0161en\u00ed vo svojej triede a podporou ziskovej a disciplinovanej kult\u00fary bezpe\u010dnosti, slu\u017eieb a d\u00f4very.<\/p>\n<\/div><div class=\"btClear btSeparator topSmallSpaced noBorder\" ><hr><\/div><div class=\"btClear btSeparator topSmallSpaced noBorder\" ><hr><\/div><\/div><\/div><div class=\"rowItem col-md-3 col-sm-6 col-ms-12 btTextLeft animate animate-fadein btTextIndent btHighlight inherit\"  ><div class=\"rowItemContent\"><div class=\"bpgPhoto btTextCenter\" ><div class=\"btImage\"><img decoding=\"async\" src=\"https:\/\/www.tirservicesrl.it\/wp-content\/uploads\/2022\/08\/TirService_Esperienza_Gruppo-640x480.jpg\" alt=\"TirService_Esperienza_Gruppo-640x480.jpg\"><\/div><\/div><div class=\"btClear btSeparator topSmallSpaced noBorder\" ><hr><\/div><header class=\"header btClear small  btAccentDash btRegularTitle\" ><div class=\"dash\"><h4><span class=\"headline\">REPUT\u00c1CIA<\/span><\/h4><\/div><p class=\"btSubTitle\">UDELEN\u00c9<\/p><\/header><div class=\"btText\"><p>V sektore dopravy sme si vybudovali siln\u00fa poz\u00edciu. Na\u0161e ocenen\u00e9 slu\u017eby si z\u00edskali poves\u0165 kvality a dokonalosti, s ktorou m\u00f4\u017ee s\u00faperi\u0165 len m\u00e1lokto.<\/p>\n<\/div><div class=\"btClear btSeparator topSmallSpaced noBorder\" ><hr><\/div><div class=\"btClear btSeparator topSmallSpaced noBorder\" ><hr><\/div><\/div><\/div><div class=\"rowItem col-md-3 col-sm-6 col-ms-12 btTextLeft animate animate-fadein btTextIndent btHighlight inherit\"  ><div class=\"rowItemContent\"><div class=\"bpgPhoto btTextCenter\" ><div class=\"btImage\"><img decoding=\"async\" src=\"https:\/\/www.tirservicesrl.it\/wp-content\/uploads\/2022\/12\/sicurezza-640x480.jpg\" alt=\"sicurezza-640x480.jpg\"><\/div><\/div><div class=\"btClear btSeparator topSmallSpaced noBorder\" ><hr><\/div><header class=\"header btClear small  btAccentDash btRegularTitle\" ><div class=\"dash\"><h4><span class=\"headline\">BEZPE\u010cNOS\u0164 A ZABEZPE\u010cENIE<\/span><\/h4><\/div><p class=\"btSubTitle\">Z\u00c1KLADN\u00c9 PILIERE<\/p><\/header><div class=\"btText\"><p>Bezpe\u010dnos\u0165 na\u0161ich zamestnancov, z\u00e1kazn\u00edkov a motoristickej verejnosti bude v\u017edy na\u0161\u00edm hlavn\u00fdm cie\u013eom vo v\u0161etk\u00fdch politik\u00e1ch, postupoch a programoch, ktor\u00fdmi sa riadi na\u0161a \u010dinnos\u0165.<\/p>\n<\/div><div class=\"btClear btSeparator topSmallSpaced noBorder\" ><hr><\/div><div class=\"btClear btSeparator topSmallSpaced noBorder\" ><hr><\/div><\/div><\/div><\/div><\/div><\/div><\/div><\/section><\/div>","protected":false},"excerpt":{"rendered":"","protected":false},"author":3,"featured_media":0,"parent":0,"menu_order":0,"comment_status":"closed","ping_status":"closed","template":"","meta":{"footnotes":""},"class_list":["post-2662","page","type-page","status-publish","hentry"],"_links":{"self":[{"href":"https:\/\/www.tirservicesrl.it\/sk\/wp-json\/wp\/v2\/pages\/2662","targetHints":{"allow":["GET"]}}],"collection":[{"href":"https:\/\/www.tirservicesrl.it\/sk\/wp-json\/wp\/v2\/pages"}],"about":[{"href":"https:\/\/www.tirservicesrl.it\/sk\/wp-json\/wp\/v2\/types\/page"}],"author":[{"embeddable":true,"href":"https:\/\/www.tirservicesrl.it\/sk\/wp-json\/wp\/v2\/users\/3"}],"replies":[{"embeddable":true,"href":"https:\/\/www.tirservicesrl.it\/sk\/wp-json\/wp\/v2\/comments?post=2662"}],"version-history":[{"count":4,"href":"https:\/\/www.tirservicesrl.it\/sk\/wp-json\/wp\/v2\/pages\/2662\/revisions"}],"predecessor-version":[{"id":2675,"href":"https:\/\/www.tirservicesrl.it\/sk\/wp-json\/wp\/v2\/pages\/2662\/revisions\/2675"}],"wp:attachment":[{"href":"https:\/\/www.tirservicesrl.it\/sk\/wp-json\/wp\/v2\/media?parent=2662"}],"curies":[{"name":"wp","href":"https:\/\/api.w.org\/{rel}","templated":true}]}}